{"id":74,"date":"2018-05-02T09:21:59","date_gmt":"2018-05-02T09:21:59","guid":{"rendered":"http:\/\/shop.danielaruetimann.ch\/?page_id=74"},"modified":"2023-06-29T11:43:42","modified_gmt":"2023-06-29T09:43:42","slug":"agb-lieferbedingungen","status":"publish","type":"page","link":"https:\/\/shop.danielaruetimann.ch\/?page_id=74","title":{"rendered":"AGB\/Lieferbedingungen"},"content":{"rendered":"<section id=\"builder-section-text_11\" class=\"builder-section-first builder-section builder-section-text builder-section-last builder-text-columns-2 layout-6\" style=\"background-size: cover; background-repeat: no-repeat;background-position: center center;\">\n<div class=\"builder-section-content\">\n<div class=\"builder-text-row\">\n<div class=\"builder-text-column builder-text-column-1\" id=\"builder-section-text_11-column-1\">\n<div class=\"builder-text-content\">\n<div>\n<h3>AGB\/Lieferbedingungen<\/h3>\n<p>Nach Abschluss des Bestellvorgangs erhalten sie ein Best\u00e4tigungsmail mit den Rechnungsangaben. Der Versand per Post erfolgt\u00a0innerhalb von 5 Arbeitstagen.\u00a0 Alle Bestellungen sind verbindlich.<\/p>\n<\/div>\n<div>\n<div>Gegen Rechnung: Die Rechnung wird mit der Ware versendet. Zahlungsfrist 14 Tage.<\/div>\n<div>Vorauskasse: Der Versand erfolgt\u00a0innerhalb von 5 Arbeitstagen nach Zahlungseingang (Bank-\/Post\u00fcberweisung, Twint).<\/div>\n<div>Abholung im Atelier: Die Versandkosten entfallen. Bitte vor Abholung kurz nachfragen, ob ich im Atelier bin.<\/div>\n<div><\/div>\n<\/div>\n<div>Versandkosten in der Schweiz:<\/div>\n<div>Postkarten: 3 CHF. Buch: 5 CHF. CD: 3 CHF.<\/div>\n<div>Bestellungen ab 100 CHF sind versandkostenfrei.<\/div>\n<div><\/div>\n<div>Wiederverk\u00e4ufer:<\/div>\n<div>Wiederverk\u00e4ufer kontaktieren mich bitte per Mail oder Telefon.<\/div>\n<div>\n<h2>Datenschutz:<br \/>\nS\u00e4mtliche Daten werden vertraulich behandelt. Adressdaten werden nicht an Dritte weiter gegeben. Adressen k\u00f6nnen f\u00fcr interne Werbezwecke verwendet werden.<\/h2>\n<\/div>\n<div><\/div>\n<\/p><\/div>\n<\/p><\/div>\n<div class=\"builder-text-column builder-text-column-2\" id=\"builder-section-text_11-column-2\">\n<div class=\"builder-text-content\">\n<div>\n<h2>\u00a0<\/h2>\n<\/div><\/div>\n<\/p><\/div>\n<\/p><\/div>\n<\/p><\/div>\n<\/section>\n","protected":false},"excerpt":{"rendered":"<p>AGB\/Lieferbedingungen Nach Abschluss des Bestellvorgangs erhalten sie ein Best\u00e4tigungsmail mit den Rechnungsangaben. Der Versand per Post erfolgt\u00a0innerhalb von 5 Arbeitstagen.\u00a0 Alle Bestellungen sind verbindlich. Gegen Rechnung: Die Rechnung wird mit der Ware versendet. Zahlungsfrist 14 Tage. Vorauskasse: Der Versand erfolgt\u00a0innerhalb von 5 Arbeitstagen nach Zahlungseingang (Bank-\/Post\u00fcberweisung, Twint). Abholung im Atelier: Die Versandkosten entfallen. Bitte vor &hellip;<\/p>\n","protected":false},"author":3,"featured_media":0,"parent":0,"menu_order":0,"comment_status":"closed","ping_status":"closed","template":"template-builder.php","meta":[],"_links":{"self":[{"href":"https:\/\/shop.danielaruetimann.ch\/index.php?rest_route=\/wp\/v2\/pages\/74"}],"collection":[{"href":"https:\/\/shop.danielaruetimann.ch\/index.php?rest_route=\/wp\/v2\/pages"}],"about":[{"href":"https:\/\/shop.danielaruetimann.ch\/index.php?rest_route=\/wp\/v2\/types\/page"}],"author":[{"embeddable":true,"href":"https:\/\/shop.danielaruetimann.ch\/index.php?rest_route=\/wp\/v2\/users\/3"}],"replies":[{"embeddable":true,"href":"https:\/\/shop.danielaruetimann.ch\/index.php?rest_route=%2Fwp%2Fv2%2Fcomments&post=74"}],"version-history":[{"count":34,"href":"https:\/\/shop.danielaruetimann.ch\/index.php?rest_route=\/wp\/v2\/pages\/74\/revisions"}],"predecessor-version":[{"id":791,"href":"https:\/\/shop.danielaruetimann.ch\/index.php?rest_route=\/wp\/v2\/pages\/74\/revisions\/791"}],"wp:attachment":[{"href":"https:\/\/shop.danielaruetimann.ch\/index.php?rest_route=%2Fwp%2Fv2%2Fmedia&parent=74"}],"curies":[{"name":"wp","href":"https:\/\/api.w.org\/{rel}","templated":true}]}}