{"id":635,"date":"2021-03-09T16:46:49","date_gmt":"2021-03-09T15:46:49","guid":{"rendered":"https:\/\/shop.danielaruetimann.ch\/?post_type=product&#038;p=635"},"modified":"2021-05-18T11:14:22","modified_gmt":"2021-05-18T10:14:22","slug":"ein-haus-fuer-uns","status":"publish","type":"product","link":"https:\/\/shop.danielaruetimann.ch\/?product=ein-haus-fuer-uns","title":{"rendered":"Ein Haus f\u00fcr uns"},"content":{"rendered":"<p>20 Comicgeschichten \u00fcber den Alltag im Haus f\u00fcr Mutter und Kind Hergiswil. Erz\u00e4hlt aus Sicht der Kinder und dem Kater Muk. Geschichten und Illustration: Daniela R\u00fctimann, Grafik und Farben: Miriam Dahinden-Ganzoni.<\/p>\n","protected":false},"excerpt":{"rendered":"<p>Geheftete Ausgabe, 44 Seiten, 146 x 210 mm. Ab 4 Jahren. Erschienen 2020, ISBN 978-3-033-07-698-3<\/p>\n","protected":false},"featured_media":653,"template":"","meta":[],"product_cat":[17,60,48,49],"product_tag":[],"_links":{"self":[{"href":"https:\/\/shop.danielaruetimann.ch\/index.php?rest_route=\/wp\/v2\/product\/635"}],"collection":[{"href":"https:\/\/shop.danielaruetimann.ch\/index.php?rest_route=\/wp\/v2\/product"}],"about":[{"href":"https:\/\/shop.danielaruetimann.ch\/index.php?rest_route=\/wp\/v2\/types\/product"}],"wp:featuredmedia":[{"embeddable":true,"href":"https:\/\/shop.danielaruetimann.ch\/index.php?rest_route=\/wp\/v2\/media\/653"}],"wp:attachment":[{"href":"https:\/\/shop.danielaruetimann.ch\/index.php?rest_route=%2Fwp%2Fv2%2Fmedia&parent=635"}],"wp:term":[{"taxonomy":"product_cat","embeddable":true,"href":"https:\/\/shop.danielaruetimann.ch\/index.php?rest_route=%2Fwp%2Fv2%2Fproduct_cat&post=635"},{"taxonomy":"product_tag","embeddable":true,"href":"https:\/\/shop.danielaruetimann.ch\/index.php?rest_route=%2Fwp%2Fv2%2Fproduct_tag&post=635"}],"curies":[{"name":"wp","href":"https:\/\/api.w.org\/{rel}","templated":true}]}}